{"id":9,"date":"2017-06-09T18:24:11","date_gmt":"2017-06-09T16:24:11","guid":{"rendered":"http:\/\/serwer1425918.home.pl\/wp\/?page_id=9"},"modified":"2018-10-10T08:09:26","modified_gmt":"2018-10-10T06:09:26","slug":"witam","status":"publish","type":"page","link":"http:\/\/www.tempus24.pl\/wp\/","title":{"rendered":"Witam"},"content":{"rendered":"<p><strong>Witam Pa\u0144stwa na stronie firmy &#8222;Tempus&#8221; Jacek Ko\u0142con<\/strong><\/p>\n<p>Zajmuj\u0119 si\u0119 tworzeniem oprogramowania na rzecz instytucji prywatnych i publicznych. Polityk\u0105 firmy jest sta\u0142a wsp\u00f3\u0142praca z klientem w celu doskonalenia wdro\u017conego dzie\u0142a. Celem jest osi\u0105ganie takiej wydajno\u015bci w eksploatacji aplikacji, by znacz\u0105co skr\u00f3ci\u0107 czas wykonywania wielu czynno\u015bci administracyjnych i organizacyjnych. St\u0105d motto firmy: &#8222;Oszcz\u0119dzamy Wasz czas&#8221;.<\/p>\n<p>Czerpi\u0105c do\u015bwiadczenie z ponad dwudziestoletniego okresu tworzenia oprogramowania dla administracji publicznej tworz\u0119 aplikacje, kt\u00f3re s\u0105 intuicyjne, co znacz\u0105co upraszcza proces ich wdro\u017cenia oraz pozwala na ich pe\u0142ne wykorzystanie. Jednocze\u015bnie aplikacje te spe\u0142niaj\u0105 standardy prawne i organizacyjne instytucji, co pozwala na ca\u0142kowicie elektroniczn\u0105 obs\u0142ug\u0119 zinformatyzowanych obszar\u00f3w.<\/p>\n<p>Moim standardem jest dostarczanie szczeg\u00f3\u0142owego opisu bazy danych w celu zabezpieczenia dorobku intelektualnego u\u017cytkownik\u00f3w. Opis ten pozwala na u\u017cycie gromadzonych danych w innych systemach lub potencjalne przeniesienie danych do innych program\u00f3w. Na \u017cyczenie klienta udost\u0119pniam ca\u0142o\u015b\u0107 kodu \u017ar\u00f3d\u0142owego.<\/p>\n<p><strong>Zaproszenie<\/strong><\/p>\n<p>Zapraszam Pa\u0144stwa do odwiedzenia strony Systemu Informacji Muzealnej, na kt\u00f3rej mo\u017cna zapozna\u0107 si\u0119 ze wspania\u0142ymi zabytkami.<\/p>\n<h1 style=\"text-align: center;\"><a href=\"http:\/\/simuz.pl\">SIMuz.pl<\/a><\/h1>\n<p><strong>Kontakt:<\/strong><\/p>\n<p>Jacek Ko\u0142con telefon: +48 606 64 48 45<br \/>\nemail: biuro(A)tempus24.pl<br \/>\nSkype: jacekkolcon<\/p>\n","protected":false},"excerpt":{"rendered":"<p>Witam Pa\u0144stwa na stronie firmy &#8222;Tempus&#8221; Jacek Ko\u0142con Zajmuj\u0119 si\u0119 tworzeniem oprogramowania na rzecz instytucji prywatnych i publicznych. Polityk\u0105 firmy jest sta\u0142a wsp\u00f3\u0142praca z klientem w celu doskonalenia wdro\u017conego dzie\u0142a. Celem jest osi\u0105ganie takiej wydajno\u015bci w eksploatacji aplikacji, by znacz\u0105co &hellip; <a href=\"http:\/\/www.tempus24.pl\/wp\/\">Czytaj dalej <span class=\"meta-nav\">&rarr;<\/span><\/a><\/p>\n","protected":false},"author":1,"featured_media":0,"parent":0,"menu_order":0,"comment_status":"closed","ping_status":"closed","template":"","meta":{"footnotes":""},"class_list":["post-9","page","type-page","status-publish","hentry"],"_links":{"self":[{"href":"http:\/\/www.tempus24.pl\/wp\/index.php?rest_route=\/wp\/v2\/pages\/9","targetHints":{"allow":["GET"]}}],"collection":[{"href":"http:\/\/www.tempus24.pl\/wp\/index.php?rest_route=\/wp\/v2\/pages"}],"about":[{"href":"http:\/\/www.tempus24.pl\/wp\/index.php?rest_route=\/wp\/v2\/types\/page"}],"author":[{"embeddable":true,"href":"http:\/\/www.tempus24.pl\/wp\/index.php?rest_route=\/wp\/v2\/users\/1"}],"replies":[{"embeddable":true,"href":"http:\/\/www.tempus24.pl\/wp\/index.php?rest_route=%2Fwp%2Fv2%2Fcomments&post=9"}],"version-history":[{"count":5,"href":"http:\/\/www.tempus24.pl\/wp\/index.php?rest_route=\/wp\/v2\/pages\/9\/revisions"}],"predecessor-version":[{"id":114,"href":"http:\/\/www.tempus24.pl\/wp\/index.php?rest_route=\/wp\/v2\/pages\/9\/revisions\/114"}],"wp:attachment":[{"href":"http:\/\/www.tempus24.pl\/wp\/index.php?rest_route=%2Fwp%2Fv2%2Fmedia&parent=9"}],"curies":[{"name":"wp","href":"https:\/\/api.w.org\/{rel}","templated":true}]}}