{"id":33,"date":"2017-06-09T22:19:23","date_gmt":"2017-06-09T20:19:23","guid":{"rendered":"http:\/\/serwer1425918.home.pl\/wp\/?page_id=33"},"modified":"2018-01-18T13:16:16","modified_gmt":"2018-01-18T12:16:16","slug":"moje-produkty","status":"publish","type":"page","link":"http:\/\/www.tempus24.pl\/wp\/?page_id=33","title":{"rendered":"Moje produkty"},"content":{"rendered":"<p>W ramach swoich dzia\u0142a\u0144 tworz\u0119 r\u00f3\u017cne programy o charakterze komercyjnym i darmowym. Poni\u017cej og\u00f3lna lista moich program\u00f3w.<\/p>\n<hr \/>\n<h2>Programy komercyjne<\/h2>\n<p>&#8222;RegMus&#8221; &#8211; <a href=\".\/?page_id=38\">system rejestracji zasob\u00f3w muzealnych<\/a>.<br \/>\n&#8222;RegDoc&#8221; &#8211; <a href=\".\/?page_id=55\">system rejestracji dokument\u00f3w<\/a>.<\/p>\n<hr \/>\n<h2>Programy niekomercyjne<\/h2>\n<p>&#8222;Raport Kasowy&#8221; &#8211; <a href=\"http:\/\/www.tempus24.pl\/wp\/?page_id=67\">aplikacja do drukowania raport\u00f3w kasowych<\/a>.<br \/>\n&#8222;User &amp; Group&#8221; &#8211; <a href=\"http:\/\/www.tempus24.pl\/wp\/?page_id=77\">aplikacja do zarz\u0105dzania u\u017cytkownikami i grupami ActiveDirectory<\/a>.<\/p>\n<p>&nbsp;<\/p>\n","protected":false},"excerpt":{"rendered":"<p>W ramach swoich dzia\u0142a\u0144 tworz\u0119 r\u00f3\u017cne programy o charakterze komercyjnym i darmowym. Poni\u017cej og\u00f3lna lista moich program\u00f3w. Programy komercyjne &#8222;RegMus&#8221; &#8211; system rejestracji zasob\u00f3w muzealnych. &#8222;RegDoc&#8221; &#8211; system rejestracji dokument\u00f3w. Programy niekomercyjne &#8222;Raport Kasowy&#8221; &#8211; aplikacja do drukowania raport\u00f3w kasowych. &hellip; <a href=\"http:\/\/www.tempus24.pl\/wp\/?page_id=33\">Czytaj dalej <span class=\"meta-nav\">&rarr;<\/span><\/a><\/p>\n","protected":false},"author":1,"featured_media":0,"parent":0,"menu_order":0,"comment_status":"open","ping_status":"closed","template":"","meta":{"footnotes":""},"class_list":["post-33","page","type-page","status-publish","hentry"],"_links":{"self":[{"href":"http:\/\/www.tempus24.pl\/wp\/index.php?rest_route=\/wp\/v2\/pages\/33","targetHints":{"allow":["GET"]}}],"collection":[{"href":"http:\/\/www.tempus24.pl\/wp\/index.php?rest_route=\/wp\/v2\/pages"}],"about":[{"href":"http:\/\/www.tempus24.pl\/wp\/index.php?rest_route=\/wp\/v2\/types\/page"}],"author":[{"embeddable":true,"href":"http:\/\/www.tempus24.pl\/wp\/index.php?rest_route=\/wp\/v2\/users\/1"}],"replies":[{"embeddable":true,"href":"http:\/\/www.tempus24.pl\/wp\/index.php?rest_route=%2Fwp%2Fv2%2Fcomments&post=33"}],"version-history":[{"count":11,"href":"http:\/\/www.tempus24.pl\/wp\/index.php?rest_route=\/wp\/v2\/pages\/33\/revisions"}],"predecessor-version":[{"id":82,"href":"http:\/\/www.tempus24.pl\/wp\/index.php?rest_route=\/wp\/v2\/pages\/33\/revisions\/82"}],"wp:attachment":[{"href":"http:\/\/www.tempus24.pl\/wp\/index.php?rest_route=%2Fwp%2Fv2%2Fmedia&parent=33"}],"curies":[{"name":"wp","href":"https:\/\/api.w.org\/{rel}","templated":true}]}}